{"id":140,"date":"2017-07-18T13:39:40","date_gmt":"2017-07-18T11:39:40","guid":{"rendered":"https:\/\/digirab.blogs.ruhr-uni-bochum.de\/?page_id=140"},"modified":"2020-02-05T13:05:42","modified_gmt":"2020-02-05T12:05:42","slug":"foerderung","status":"publish","type":"page","link":"https:\/\/digirab.blogs.ruhr-uni-bochum.de\/?page_id=140","title":{"rendered":"F\u00f6rderung"},"content":{"rendered":"<p><a href=\"https:\/\/digirab.blogs.ruhr-uni-bochum.de\/wp-content\/uploads\/2020\/02\/b_bmbf_logo.png\"><img loading=\"lazy\" decoding=\"async\" class=\"size-medium wp-image-289 aligncenter\" src=\"https:\/\/digirab.blogs.ruhr-uni-bochum.de\/wp-content\/uploads\/2020\/02\/b_bmbf_logo-300x155.png\" alt=\"\" width=\"300\" height=\"155\" srcset=\"https:\/\/digirab.blogs.ruhr-uni-bochum.de\/wp-content\/uploads\/2020\/02\/b_bmbf_logo-300x155.png 300w, https:\/\/digirab.blogs.ruhr-uni-bochum.de\/wp-content\/uploads\/2020\/02\/b_bmbf_logo-1024x528.png 1024w, https:\/\/digirab.blogs.ruhr-uni-bochum.de\/wp-content\/uploads\/2020\/02\/b_bmbf_logo-768x396.png 768w, https:\/\/digirab.blogs.ruhr-uni-bochum.de\/wp-content\/uploads\/2020\/02\/b_bmbf_logo-1536x793.png 1536w, https:\/\/digirab.blogs.ruhr-uni-bochum.de\/wp-content\/uploads\/2020\/02\/b_bmbf_logo-660x341.png 660w, https:\/\/digirab.blogs.ruhr-uni-bochum.de\/wp-content\/uploads\/2020\/02\/b_bmbf_logo.png 2000w\" sizes=\"auto, (max-width: 300px) 100vw, 300px\" \/><\/a><a href=\"https:\/\/digirab.blogs.ruhr-uni-bochum.de\/wp-content\/uploads\/2020\/02\/b_esf_logo.jpg\"><img loading=\"lazy\" decoding=\"async\" class=\"size-medium wp-image-290 alignnone\" src=\"https:\/\/digirab.blogs.ruhr-uni-bochum.de\/wp-content\/uploads\/2020\/02\/b_esf_logo-300x154.jpg\" alt=\"\" width=\"300\" height=\"154\" srcset=\"https:\/\/digirab.blogs.ruhr-uni-bochum.de\/wp-content\/uploads\/2020\/02\/b_esf_logo-300x154.jpg 300w, https:\/\/digirab.blogs.ruhr-uni-bochum.de\/wp-content\/uploads\/2020\/02\/b_esf_logo.jpg 460w\" sizes=\"auto, (max-width: 300px) 100vw, 300px\" \/><\/a><a href=\"https:\/\/digirab.blogs.ruhr-uni-bochum.de\/wp-content\/uploads\/2020\/02\/b_eu_logo.png\"><img loading=\"lazy\" decoding=\"async\" class=\"alignnone  wp-image-291\" src=\"https:\/\/digirab.blogs.ruhr-uni-bochum.de\/wp-content\/uploads\/2020\/02\/b_eu_logo-300x237.png\" alt=\"\" width=\"253\" height=\"200\" srcset=\"https:\/\/digirab.blogs.ruhr-uni-bochum.de\/wp-content\/uploads\/2020\/02\/b_eu_logo-300x237.png 300w, https:\/\/digirab.blogs.ruhr-uni-bochum.de\/wp-content\/uploads\/2020\/02\/b_eu_logo.png 513w\" sizes=\"auto, (max-width: 253px) 100vw, 253px\" \/><\/a><\/p>\n<p style=\"text-align: center;\">Dieses Vorhaben wird im Rahmen des Programms \u201eZukunft der Arbeit\u201c<br \/>\nvom Bundesministerium f\u00fcr Bildung und Forschung<br \/>\nund dem Europ\u00e4ischen Sozialfonds gef\u00f6rdert.<\/p>\n","protected":false},"excerpt":{"rendered":"<p>Dieses Vorhaben wird im Rahmen des Programms \u201eZukunft der Arbeit\u201c vom Bundesministerium f\u00fcr Bildung und Forschung und dem Europ\u00e4ischen Sozialfonds gef\u00f6rdert.<\/p>\n","protected":false},"author":9,"featured_media":0,"parent":0,"menu_order":4,"comment_status":"closed","ping_status":"closed","template":"","meta":{"footnotes":""},"class_list":["post-140","page","type-page","status-publish","hentry"],"_links":{"self":[{"href":"https:\/\/digirab.blogs.ruhr-uni-bochum.de\/index.php?rest_route=\/wp\/v2\/pages\/140","targetHints":{"allow":["GET"]}}],"collection":[{"href":"https:\/\/digirab.blogs.ruhr-uni-bochum.de\/index.php?rest_route=\/wp\/v2\/pages"}],"about":[{"href":"https:\/\/digirab.blogs.ruhr-uni-bochum.de\/index.php?rest_route=\/wp\/v2\/types\/page"}],"author":[{"embeddable":true,"href":"https:\/\/digirab.blogs.ruhr-uni-bochum.de\/index.php?rest_route=\/wp\/v2\/users\/9"}],"replies":[{"embeddable":true,"href":"https:\/\/digirab.blogs.ruhr-uni-bochum.de\/index.php?rest_route=%2Fwp%2Fv2%2Fcomments&post=140"}],"version-history":[{"count":4,"href":"https:\/\/digirab.blogs.ruhr-uni-bochum.de\/index.php?rest_route=\/wp\/v2\/pages\/140\/revisions"}],"predecessor-version":[{"id":304,"href":"https:\/\/digirab.blogs.ruhr-uni-bochum.de\/index.php?rest_route=\/wp\/v2\/pages\/140\/revisions\/304"}],"wp:attachment":[{"href":"https:\/\/digirab.blogs.ruhr-uni-bochum.de\/index.php?rest_route=%2Fwp%2Fv2%2Fmedia&parent=140"}],"curies":[{"name":"wp","href":"https:\/\/api.w.org\/{rel}","templated":true}]}}