{"id":149,"date":"2017-07-21T11:03:25","date_gmt":"2017-07-21T09:03:25","guid":{"rendered":"https:\/\/digirab.blogs.ruhr-uni-bochum.de\/?page_id=149"},"modified":"2019-12-31T15:39:57","modified_gmt":"2019-12-31T14:39:57","slug":"impressum","status":"publish","type":"page","link":"https:\/\/digirab.blogs.ruhr-uni-bochum.de\/?page_id=149","title":{"rendered":"Impressum"},"content":{"rendered":"<p>Der vorliegende Blog ist auf dem Blog-Server der Ruhr-Universit\u00e4t Bochum eingerichtet.<\/p>\n<p>Die Verantwortlichkeiten und relevanten Adressen f\u00fcr den zentralen Blog-Server sind im <a href=\"http:\/\/www.ruhr-uni-bochum.de\/impressum.htm\">Impressum<\/a> des Blog-Servers genannt.<\/p>\n<p>Meldungen \u00fcber missbr\u00e4uchliche Nutzungen, die von Stationen aus dem IP-Namensbereich ruhr-uni-bochum.de ausgehen, senden Sie bitte an die Email-Adresse abuse@ruhr-uni-bochum.de.<\/p>\n<p><strong>Inhaltliche Verantwortlichkeit<\/strong><br \/>\nDer vorliegende Blog unterliegt der inhaltlichen Verantwortung von<\/p>\n<p>Prof. Dr.-Ing. Markus K\u00f6nig<br \/>\nRuhr-Universit\u00e4t Bochum<br \/>\nLehrstuhl f\u00fcr Informatik im Bauwesen<br \/>\nUniversit\u00e4tsstr. 150<br \/>\n44780 Bochum<br \/>\nkoenig@inf.bi.rub.de<\/p>\n<p>Gem\u00e4\u00df \u00a7 28 BDSG wird jeder kommerziellen Verwendung und Weitergabe der im Blog verwendeten Personendaten (Namen, eMail-Adressen, postalische Adressen etc.) widersprochen.<\/p>\n<p><strong>Haftungshinweis<\/strong><br \/>\nTrotz sorgf\u00e4ltiger inhaltlicher Kontrolle \u00fcbernehmen wir keine Haftung f\u00fcr die Inhalte externer Links. F\u00fcr den Inhalt der verlinkten Seiten sind ausschlie\u00dflich deren Betreiber verantwortlich.<\/p>\n","protected":false},"excerpt":{"rendered":"<p>Der vorliegende Blog ist auf dem Blog-Server der Ruhr-Universit\u00e4t Bochum eingerichtet. Die Verantwortlichkeiten und relevanten Adressen f\u00fcr den zentralen Blog-Server sind im Impressum des Blog-Servers genannt. Meldungen \u00fcber missbr\u00e4uchliche Nutzungen, die von Stationen aus dem IP-Namensbereich ruhr-uni-bochum.de ausgehen, senden Sie bitte an die Email-Adresse abuse@ruhr-uni-bochum.de. Inhaltliche Verantwortlichkeit Der vorliegende Blog unterliegt der inhaltlichen Verantwortung von\u2026 <span class=\"read-more\"><a href=\"https:\/\/digirab.blogs.ruhr-uni-bochum.de\/?page_id=149\">Read More &raquo;<\/a><\/span><\/p>\n","protected":false},"author":9,"featured_media":0,"parent":23,"menu_order":0,"comment_status":"closed","ping_status":"closed","template":"","meta":{"footnotes":""},"class_list":["post-149","page","type-page","status-publish","hentry"],"_links":{"self":[{"href":"https:\/\/digirab.blogs.ruhr-uni-bochum.de\/index.php?rest_route=\/wp\/v2\/pages\/149","targetHints":{"allow":["GET"]}}],"collection":[{"href":"https:\/\/digirab.blogs.ruhr-uni-bochum.de\/index.php?rest_route=\/wp\/v2\/pages"}],"about":[{"href":"https:\/\/digirab.blogs.ruhr-uni-bochum.de\/index.php?rest_route=\/wp\/v2\/types\/page"}],"author":[{"embeddable":true,"href":"https:\/\/digirab.blogs.ruhr-uni-bochum.de\/index.php?rest_route=\/wp\/v2\/users\/9"}],"replies":[{"embeddable":true,"href":"https:\/\/digirab.blogs.ruhr-uni-bochum.de\/index.php?rest_route=%2Fwp%2Fv2%2Fcomments&post=149"}],"version-history":[{"count":1,"href":"https:\/\/digirab.blogs.ruhr-uni-bochum.de\/index.php?rest_route=\/wp\/v2\/pages\/149\/revisions"}],"predecessor-version":[{"id":243,"href":"https:\/\/digirab.blogs.ruhr-uni-bochum.de\/index.php?rest_route=\/wp\/v2\/pages\/149\/revisions\/243"}],"up":[{"embeddable":true,"href":"https:\/\/digirab.blogs.ruhr-uni-bochum.de\/index.php?rest_route=\/wp\/v2\/pages\/23"}],"wp:attachment":[{"href":"https:\/\/digirab.blogs.ruhr-uni-bochum.de\/index.php?rest_route=%2Fwp%2Fv2%2Fmedia&parent=149"}],"curies":[{"name":"wp","href":"https:\/\/api.w.org\/{rel}","templated":true}]}}