{"id":33,"date":"2017-06-21T10:00:41","date_gmt":"2017-06-21T08:00:41","guid":{"rendered":"https:\/\/digirab.blogs.ruhr-uni-bochum.de\/?page_id=33"},"modified":"2020-03-09T14:14:24","modified_gmt":"2020-03-09T13:14:24","slug":"projektbeschreibung","status":"publish","type":"page","link":"https:\/\/digirab.blogs.ruhr-uni-bochum.de\/?page_id=33","title":{"rendered":"Projektbeschreibung"},"content":{"rendered":"<h3><em>Im Rahmen des Forschungsschwerpunkts \u201eArbeit in der digitalisierten Welt\u201c im Rahmen des Forschungs- und Entwicklungsprogramms \u201eZukunft der Arbeit\u201c als Teil des Dachprogramms \u201eInnovation f\u00fcr die Produktion, Dienstleistung und Arbeit von morgen\u201c<\/em><\/h3>\n<p><a href=\"https:\/\/digirab.blogs.ruhr-uni-bochum.de\/wp-content\/uploads\/2019\/12\/DigiRAB-Flyer.pdf\">PDF-Flyer zum finalen Projektdemonstrator<\/a><\/p>\n<p><span style=\"color: #ff0000;\"><strong>Der geplante Projektdemonstrator am 19.3.2020 wurde abgesagt! Ein m\u00f6glicher Ersatztermin zu einer alternativen Veranstaltung wird in naher Zukunft bekanntgegeben.<\/strong><\/span><\/p>\n<p>Ziel des Forschungsprojekts ist es, eine durchg\u00e4ngige digitale Planung, Schulung, Umsetzung und Steuerung eines proaktiven Arbeitsschutzes auf Baustellen auf Basis von smarten Technologien und cloudbasierten Dienstleistungen zu realisieren.<\/p>\n<p>Ann\u00e4hernd jede Art der Erwerbsarbeit in der Bundesrepublik Deutschland wird mittlerweile von informations- und kommunikationstechnischen Arbeitsmitteln begleitet. In Arbeitsumgebungen, die von Industrie 4.0 gepr\u00e4gt werden, wird dies besonders deutlich. Die Arbeit mit digitalen Werkzeugen und Medien erh\u00e4lt auch dank des Building Information Modeling (BIM) nach und nach Einzug in das Baugewerbe. Zudem wird die Schnittstelle zwischen Mensch und Technik immer enger. Sensorik, Simulationsmodelle und mobile Software unterst\u00fctzen im Arbeitsalltag, die Datenverf\u00fcgbarkeit durch Cloudl\u00f6sungen und dar\u00fcber vor Ort m\u00f6glichen Datenerfassung nehmen zu.<\/p>\n<p>Zugleich k\u00f6nnen Software und Automatisierung jedoch nicht jede Form von Arbeit ersetzen. Wo Menschen und Maschinen aufeinandertreffen ist stets ein hohes Gefahrenpotential vorhanden. In Produktionshallen werden daher z.B. Lichtschranken eingesetzt, um Maschinen, insbesondere Roboter abzuschalten, wenn ihnen Menschen zu nahe kommen oder getrennte Wege und Durchg\u00e4nge f\u00fcr Menschen und Fahrzeuge ausgewiesen. Im Gegensatz zu Produktionshallen sind Baustellen dynamischer Natur und ver\u00e4ndern sich aufgrund des Baufortschritts t\u00e4glich. Zudem sind hier i.d.R. mehr Menschen t\u00e4tig, welche dort auf frei bewegliche schwere Baumaschinen treffen, wie z.B. Bagger und Krane. Durch den L\u00e4rm der Ger\u00e4te, Verschmutzungen, Sichtfelder aber auch Unachtsamkeiten und Missverst\u00e4ndnissen kommt es hier immer wieder zu gef\u00e4hrlichen Situationen und t\u00f6dlichen Unf\u00e4llen.<\/p>\n<p>Ein Ziel von DigiRAB ist es, diese Gefahrquellen vorab in der Projektplanung zu zu erkennen und so weit wie m\u00f6glich zu begrenzen. Dazu sollen u.a. sichere Arbeitsbereiche durch die digitalen Planung mittels Building Information Modeling (BIM) geschaffen werden und Bauarbeiter und Maschinenf\u00fcher\/-innen auf Baustellen bei bevorstehenden Kollisionen durch proaktive Sensorik pr\u00e4ventiv in Echtzeit gewarnt werden. Des Weiteren soll eine nicht-regelkonforme Verwendungen von Handwerkzeugen verhindert werden, z.B. indem ihre sichere Einsatzweise bereits im der Virtuellen Welt (VR) geschult werden.<\/p>\n<p>Am Forschungsprojekt beteiligt sind die Ruhr-Universit\u00e4t Bochum mit den Lehrst\u00fchlen Informatik im Bauwesen und Informations- und Technikmanagement als Verbundkoordinator, die Ed. Z\u00fcblin AG \u2013 Direktion Mitte, die Topcon Deutschland Positioning GmbH, die thinkptoject! GmbH und die Selectronic Funk- und Sicherheitstechnik GmbH. Assoziierte Partner sind die Berufsgenossenschaft Bau (BG Bau) und die Hilti AG.<\/p>\n","protected":false},"excerpt":{"rendered":"<p>Im Rahmen des Forschungsschwerpunkts \u201eArbeit in der digitalisierten Welt\u201c im Rahmen des Forschungs- und Entwicklungsprogramms \u201eZukunft der Arbeit\u201c als Teil des Dachprogramms \u201eInnovation f\u00fcr die Produktion, Dienstleistung und Arbeit von morgen\u201c PDF-Flyer zum finalen Projektdemonstrator Der geplante Projektdemonstrator am 19.3.2020 wurde abgesagt! Ein m\u00f6glicher Ersatztermin zu einer alternativen Veranstaltung wird in naher Zukunft bekanntgegeben. Ziel\u2026 <span class=\"read-more\"><a href=\"https:\/\/digirab.blogs.ruhr-uni-bochum.de\/?page_id=33\">Read More &raquo;<\/a><\/span><\/p>\n","protected":false},"author":9,"featured_media":0,"parent":0,"menu_order":1,"comment_status":"closed","ping_status":"closed","template":"page-templates\/full-width.php","meta":{"footnotes":""},"class_list":["post-33","page","type-page","status-publish","hentry"],"_links":{"self":[{"href":"https:\/\/digirab.blogs.ruhr-uni-bochum.de\/index.php?rest_route=\/wp\/v2\/pages\/33","targetHints":{"allow":["GET"]}}],"collection":[{"href":"https:\/\/digirab.blogs.ruhr-uni-bochum.de\/index.php?rest_route=\/wp\/v2\/pages"}],"about":[{"href":"https:\/\/digirab.blogs.ruhr-uni-bochum.de\/index.php?rest_route=\/wp\/v2\/types\/page"}],"author":[{"embeddable":true,"href":"https:\/\/digirab.blogs.ruhr-uni-bochum.de\/index.php?rest_route=\/wp\/v2\/users\/9"}],"replies":[{"embeddable":true,"href":"https:\/\/digirab.blogs.ruhr-uni-bochum.de\/index.php?rest_route=%2Fwp%2Fv2%2Fcomments&post=33"}],"version-history":[{"count":9,"href":"https:\/\/digirab.blogs.ruhr-uni-bochum.de\/index.php?rest_route=\/wp\/v2\/pages\/33\/revisions"}],"predecessor-version":[{"id":311,"href":"https:\/\/digirab.blogs.ruhr-uni-bochum.de\/index.php?rest_route=\/wp\/v2\/pages\/33\/revisions\/311"}],"wp:attachment":[{"href":"https:\/\/digirab.blogs.ruhr-uni-bochum.de\/index.php?rest_route=%2Fwp%2Fv2%2Fmedia&parent=33"}],"curies":[{"name":"wp","href":"https:\/\/api.w.org\/{rel}","templated":true}]}}