{"id":82,"date":"2017-07-14T12:33:56","date_gmt":"2017-07-14T10:33:56","guid":{"rendered":"https:\/\/digirab.blogs.ruhr-uni-bochum.de\/?page_id=82"},"modified":"2020-02-05T13:00:30","modified_gmt":"2020-02-05T12:00:30","slug":"digitale-regeln-zum-arbeitsschutz-auf-baustellen","status":"publish","type":"page","link":"https:\/\/digirab.blogs.ruhr-uni-bochum.de\/","title":{"rendered":"<b>Digi<\/b>tale <b>R<\/b>egeln zum <b>A<\/b>rbeitsschutz auf <b>B<\/b>austellen"},"content":{"rendered":"<p style=\"text-align: center;\"><em>Sicheres Arbeiten auf der digitalisierten Baustelle<\/em><\/p>\n<p>Die deutsche Bauindustrie befindet sich seit Jahren in einer Phase des Umbruchs und der Neuorganisation. Nicht nur die Gr\u00f6\u00dfe und Komplexit\u00e4t der Bauprojekte nehmen zu, auch die technischen Herausforderungen und digitalen M\u00f6glichkeiten beeinflussen die Arbeiten auf der Baustelle. In immer k\u00fcrzerer Zeit soll eine hohe Bauqualit\u00e4t unter Einsatz digitaler Technologie gew\u00e4hrleistet werden. Der Arbeits- und Gesundheitsschutz geh\u00f6rt dabei national und international zu den wichtigsten Zielen eines Bauprojekts. Statistiken der Arbeitsunf\u00e4lle zeigen aber, dass Arbeitnehmer auf Baustellen weltweit h\u00f6heren Gefahren ausgesetzt sind als in anderen Industrie\u00aczweigen. Auch Unf\u00e4lle in der deutschen Bauindustrie sind im Durchschnitt doppelt so h\u00e4ufig wie in der \u00fcbrigen Wirtschaft.<\/p>\n<p>Ziel des Forschungsprojekts ist es, eine durchg\u00e4ngige digitale Planung, Schulung, Umsetzung und Steuerung eines proaktiven Arbeitsschutzes auf Baustellen auf Basis von smarten Technologien und cloudbasierten Dienstleistungen zu realisieren. Die entwickelten Vorgehensweisen unterst\u00fctzen die Aufgaben der Sicherheits- und Gesundheitsschutzkoordinatoren und verbessern den Arbeitsschutz auf Baustellen ma\u00dfgeblich.<\/p>\n<p style=\"text-align: center;\"><em>Verbundpartner\u00a0 \u00a0<\/em><\/p>\n<p><a href=\"https:\/\/digirab.blogs.ruhr-uni-bochum.de\/wp-content\/uploads\/2019\/12\/Logo-RUB.png\"><img loading=\"lazy\" decoding=\"async\" class=\"wp-image-240 aligncenter\" src=\"https:\/\/digirab.blogs.ruhr-uni-bochum.de\/wp-content\/uploads\/2019\/12\/Logo-RUB-300x64.png\" alt=\"\" width=\"165\" height=\"35\" srcset=\"https:\/\/digirab.blogs.ruhr-uni-bochum.de\/wp-content\/uploads\/2019\/12\/Logo-RUB-300x64.png 300w, https:\/\/digirab.blogs.ruhr-uni-bochum.de\/wp-content\/uploads\/2019\/12\/Logo-RUB-1024x217.png 1024w, https:\/\/digirab.blogs.ruhr-uni-bochum.de\/wp-content\/uploads\/2019\/12\/Logo-RUB-768x163.png 768w, https:\/\/digirab.blogs.ruhr-uni-bochum.de\/wp-content\/uploads\/2019\/12\/Logo-RUB-660x140.png 660w, https:\/\/digirab.blogs.ruhr-uni-bochum.de\/wp-content\/uploads\/2019\/12\/Logo-RUB.png 1067w\" sizes=\"auto, (max-width: 165px) 100vw, 165px\" \/><\/a><\/p>\n<p><a href=\"https:\/\/digirab.blogs.ruhr-uni-bochum.de\/wp-content\/uploads\/2020\/02\/b_selectronic_logo.jpg\"><img loading=\"lazy\" decoding=\"async\" class=\"wp-image-286 aligncenter\" src=\"https:\/\/digirab.blogs.ruhr-uni-bochum.de\/wp-content\/uploads\/2020\/02\/b_selectronic_logo.jpg\" alt=\"\" width=\"97\" height=\"97\" \/><\/a><\/p>\n<p style=\"text-align: center;\"><a href=\"https:\/\/digirab.blogs.ruhr-uni-bochum.de\/wp-content\/uploads\/2019\/12\/thinkproject_Blue-Opaque-1.png\"><img loading=\"lazy\" decoding=\"async\" class=\"alignnone wp-image-239\" src=\"https:\/\/digirab.blogs.ruhr-uni-bochum.de\/wp-content\/uploads\/2019\/12\/thinkproject_Blue-Opaque-1-e1577798665330-300x52.png\" alt=\"\" width=\"201\" height=\"35\" srcset=\"https:\/\/digirab.blogs.ruhr-uni-bochum.de\/wp-content\/uploads\/2019\/12\/thinkproject_Blue-Opaque-1-e1577798665330-300x52.png 300w, https:\/\/digirab.blogs.ruhr-uni-bochum.de\/wp-content\/uploads\/2019\/12\/thinkproject_Blue-Opaque-1-e1577798665330-1024x179.png 1024w, https:\/\/digirab.blogs.ruhr-uni-bochum.de\/wp-content\/uploads\/2019\/12\/thinkproject_Blue-Opaque-1-e1577798665330-768x134.png 768w, https:\/\/digirab.blogs.ruhr-uni-bochum.de\/wp-content\/uploads\/2019\/12\/thinkproject_Blue-Opaque-1-e1577798665330-1536x268.png 1536w, https:\/\/digirab.blogs.ruhr-uni-bochum.de\/wp-content\/uploads\/2019\/12\/thinkproject_Blue-Opaque-1-e1577798665330-2048x357.png 2048w, https:\/\/digirab.blogs.ruhr-uni-bochum.de\/wp-content\/uploads\/2019\/12\/thinkproject_Blue-Opaque-1-e1577798665330-660x115.png 660w\" sizes=\"auto, (max-width: 201px) 100vw, 201px\" \/><\/a><\/p>\n<p style=\"text-align: center;\"><a href=\"https:\/\/digirab.blogs.ruhr-uni-bochum.de\/wp-content\/uploads\/2019\/12\/b_topcon_logo.jpg\"><img loading=\"lazy\" decoding=\"async\" class=\"alignnone wp-image-237\" src=\"https:\/\/digirab.blogs.ruhr-uni-bochum.de\/wp-content\/uploads\/2019\/12\/b_topcon_logo-300x71.jpg\" alt=\"\" width=\"168\" height=\"40\" srcset=\"https:\/\/digirab.blogs.ruhr-uni-bochum.de\/wp-content\/uploads\/2019\/12\/b_topcon_logo-300x71.jpg 300w, https:\/\/digirab.blogs.ruhr-uni-bochum.de\/wp-content\/uploads\/2019\/12\/b_topcon_logo-1024x243.jpg 1024w, https:\/\/digirab.blogs.ruhr-uni-bochum.de\/wp-content\/uploads\/2019\/12\/b_topcon_logo-768x182.jpg 768w, https:\/\/digirab.blogs.ruhr-uni-bochum.de\/wp-content\/uploads\/2019\/12\/b_topcon_logo-660x157.jpg 660w, https:\/\/digirab.blogs.ruhr-uni-bochum.de\/wp-content\/uploads\/2019\/12\/b_topcon_logo.jpg 1213w\" sizes=\"auto, (max-width: 168px) 100vw, 168px\" \/><\/a><\/p>\n<p style=\"text-align: center;\">\u00a0 <a href=\"https:\/\/digirab.blogs.ruhr-uni-bochum.de\/wp-content\/uploads\/2019\/12\/b_zueblin_logo-e1577798871863.png\"><img loading=\"lazy\" decoding=\"async\" class=\"alignnone wp-image-238\" src=\"https:\/\/digirab.blogs.ruhr-uni-bochum.de\/wp-content\/uploads\/2019\/12\/b_zueblin_logo-e1577798871863-300x140.png\" alt=\"\" width=\"86\" height=\"40\" srcset=\"https:\/\/digirab.blogs.ruhr-uni-bochum.de\/wp-content\/uploads\/2019\/12\/b_zueblin_logo-e1577798871863-300x140.png 300w, https:\/\/digirab.blogs.ruhr-uni-bochum.de\/wp-content\/uploads\/2019\/12\/b_zueblin_logo-e1577798871863-1024x479.png 1024w, https:\/\/digirab.blogs.ruhr-uni-bochum.de\/wp-content\/uploads\/2019\/12\/b_zueblin_logo-e1577798871863-768x359.png 768w, https:\/\/digirab.blogs.ruhr-uni-bochum.de\/wp-content\/uploads\/2019\/12\/b_zueblin_logo-e1577798871863-1536x718.png 1536w, https:\/\/digirab.blogs.ruhr-uni-bochum.de\/wp-content\/uploads\/2019\/12\/b_zueblin_logo-e1577798871863-2048x957.png 2048w, https:\/\/digirab.blogs.ruhr-uni-bochum.de\/wp-content\/uploads\/2019\/12\/b_zueblin_logo-e1577798871863-660x308.png 660w\" sizes=\"auto, (max-width: 86px) 100vw, 86px\" \/><\/a><\/p>\n<p style=\"text-align: center;\"><em>Assoziierte Partner<\/em><\/p>\n<p style=\"text-align: center;\"><a href=\"https:\/\/digirab.blogs.ruhr-uni-bochum.de\/wp-content\/uploads\/2019\/12\/b_logo_bgbau.png\"><img loading=\"lazy\" decoding=\"async\" class=\"alignnone wp-image-247\" src=\"https:\/\/digirab.blogs.ruhr-uni-bochum.de\/wp-content\/uploads\/2019\/12\/b_logo_bgbau-300x102.png\" alt=\"\" width=\"147\" height=\"50\" srcset=\"https:\/\/digirab.blogs.ruhr-uni-bochum.de\/wp-content\/uploads\/2019\/12\/b_logo_bgbau-300x102.png 300w, https:\/\/digirab.blogs.ruhr-uni-bochum.de\/wp-content\/uploads\/2019\/12\/b_logo_bgbau.png 385w\" sizes=\"auto, (max-width: 147px) 100vw, 147px\" \/><\/a><\/p>\n<p style=\"text-align: center;\"><a href=\"https:\/\/digirab.blogs.ruhr-uni-bochum.de\/wp-content\/uploads\/2019\/12\/b_hilti_logo.png\"><img loading=\"lazy\" decoding=\"async\" class=\"alignnone wp-image-246\" src=\"https:\/\/digirab.blogs.ruhr-uni-bochum.de\/wp-content\/uploads\/2019\/12\/b_hilti_logo-300x62.png\" alt=\"\" width=\"145\" height=\"30\" srcset=\"https:\/\/digirab.blogs.ruhr-uni-bochum.de\/wp-content\/uploads\/2019\/12\/b_hilti_logo-300x62.png 300w, https:\/\/digirab.blogs.ruhr-uni-bochum.de\/wp-content\/uploads\/2019\/12\/b_hilti_logo-768x159.png 768w, https:\/\/digirab.blogs.ruhr-uni-bochum.de\/wp-content\/uploads\/2019\/12\/b_hilti_logo-660x137.png 660w, https:\/\/digirab.blogs.ruhr-uni-bochum.de\/wp-content\/uploads\/2019\/12\/b_hilti_logo.png 1000w\" sizes=\"auto, (max-width: 145px) 100vw, 145px\" \/><\/a><\/p>\n","protected":false},"excerpt":{"rendered":"<p>Sicheres Arbeiten auf der digitalisierten Baustelle Die deutsche Bauindustrie befindet sich seit Jahren in einer Phase des Umbruchs und der Neuorganisation. Nicht nur die Gr\u00f6\u00dfe und Komplexit\u00e4t der Bauprojekte nehmen zu, auch die technischen Herausforderungen und digitalen M\u00f6glichkeiten beeinflussen die Arbeiten auf der Baustelle. In immer k\u00fcrzerer Zeit soll eine hohe Bauqualit\u00e4t unter Einsatz digitaler\u2026 <span class=\"read-more\"><a href=\"https:\/\/digirab.blogs.ruhr-uni-bochum.de\/\">Read More &raquo;<\/a><\/span><\/p>\n","protected":false},"author":9,"featured_media":0,"parent":0,"menu_order":0,"comment_status":"closed","ping_status":"closed","template":"page-templates\/full-width.php","meta":{"footnotes":""},"class_list":["post-82","page","type-page","status-publish","hentry"],"_links":{"self":[{"href":"https:\/\/digirab.blogs.ruhr-uni-bochum.de\/index.php?rest_route=\/wp\/v2\/pages\/82","targetHints":{"allow":["GET"]}}],"collection":[{"href":"https:\/\/digirab.blogs.ruhr-uni-bochum.de\/index.php?rest_route=\/wp\/v2\/pages"}],"about":[{"href":"https:\/\/digirab.blogs.ruhr-uni-bochum.de\/index.php?rest_route=\/wp\/v2\/types\/page"}],"author":[{"embeddable":true,"href":"https:\/\/digirab.blogs.ruhr-uni-bochum.de\/index.php?rest_route=\/wp\/v2\/users\/9"}],"replies":[{"embeddable":true,"href":"https:\/\/digirab.blogs.ruhr-uni-bochum.de\/index.php?rest_route=%2Fwp%2Fv2%2Fcomments&post=82"}],"version-history":[{"count":5,"href":"https:\/\/digirab.blogs.ruhr-uni-bochum.de\/index.php?rest_route=\/wp\/v2\/pages\/82\/revisions"}],"predecessor-version":[{"id":298,"href":"https:\/\/digirab.blogs.ruhr-uni-bochum.de\/index.php?rest_route=\/wp\/v2\/pages\/82\/revisions\/298"}],"wp:attachment":[{"href":"https:\/\/digirab.blogs.ruhr-uni-bochum.de\/index.php?rest_route=%2Fwp%2Fv2%2Fmedia&parent=82"}],"curies":[{"name":"wp","href":"https:\/\/api.w.org\/{rel}","templated":true}]}}